{"id":108,"date":"2022-08-03T14:48:00","date_gmt":"2022-08-03T12:48:00","guid":{"rendered":"https:\/\/essentialphoto.dfirma.pl\/index.php\/sesja-kobieca\/"},"modified":"2023-09-13T10:53:58","modified_gmt":"2023-09-13T08:53:58","slug":"sesja-kobieca","status":"publish","type":"page","link":"https:\/\/essentialphoto.pl\/index.php\/sesja-kobieca\/","title":{"rendered":"SESJA KOBIECA"},"content":{"rendered":"<p>[et_pb_section fb_built=&#8221;1&#8243; fullwidth=&#8221;on&#8221; _builder_version=&#8221;4.16&#8243; saved_tabs=&#8221;all&#8221; global_colors_info=&#8221;{}&#8221;][et_pb_fullwidth_slider arrows_custom_color=&#8221;#ffffff&#8221; dot_nav_custom_color=&#8221;#ffffff&#8221; arrows_custom_color_tablet=&#8221;&#8221; arrows_custom_color_phone=&#8221;rgba(0,0,0,0)&#8221; arrows_custom_color_last_edited=&#8221;on|phone&#8221; _builder_version=&#8221;4.18.0&#8243; header_font=&#8221;Playfair Display||||||||&#8221; header_text_align=&#8221;center&#8221; header_text_color=&#8221;#ffffff&#8221; header_font_size=&#8221;75px&#8221; body_font=&#8221;Playfair Display||||||||&#8221; body_text_align=&#8221;center&#8221; body_text_color=&#8221;#ffffff&#8221; body_font_size=&#8221;20px&#8221; body_line_height=&#8221;3.8em&#8221; background_color=&#8221;rgba(0,0,0,0)&#8221; custom_button=&#8221;on&#8221; button_text_size=&#8221;12px&#8221; button_text_color=&#8221;#000000&#8243; button_bg_color=&#8221;#ffffff&#8221; button_border_width=&#8221;1px&#8221; button_border_color=&#8221;#ffffff&#8221; button_border_radius=&#8221;2px&#8221; button_letter_spacing=&#8221;1px&#8221; button_font=&#8221;Poppins|600||on|||||&#8221; button_use_icon=&#8221;off&#8221; button_custom_margin=&#8221;||||false&#8221; button_custom_padding=&#8221;13px|35px|13px|35px|true|true&#8221; content_width=&#8221;90%&#8221; content_width_tablet=&#8221;90%&#8221; content_width_phone=&#8221;90%&#8221; content_width_last_edited=&#8221;on|tablet&#8221; content_max_width=&#8221;1300px&#8221; content_max_width_tablet=&#8221;90%&#8221; content_max_width_phone=&#8221;100%&#8221; content_max_width_last_edited=&#8221;on|desktop&#8221; custom_margin=&#8221;20px|20px||20px|false|true&#8221; custom_margin_tablet=&#8221;&#8221; custom_margin_phone=&#8221;10px|10px||10px|false|true&#8221; custom_margin_last_edited=&#8221;on|phone&#8221; custom_padding=&#8221;16vh|0px|8vh|0px|false|true&#8221; custom_padding_tablet=&#8221;28vh||28vh||true|true&#8221; custom_padding_phone=&#8221;7vh||7vh||true|true&#8221; custom_padding_last_edited=&#8221;on|phone&#8221; animation_style=&#8221;fade&#8221; animation_duration=&#8221;1500ms&#8221; auto=&#8221;on&#8221; auto_speed=&#8221;3000&#8243; header_font_size_tablet=&#8221;50px&#8221; header_font_size_phone=&#8221;35px&#8221; header_font_size_last_edited=&#8221;on|phone&#8221; body_line_height_tablet=&#8221;1.8em&#8221; body_line_height_phone=&#8221;1.8em&#8221; body_line_height_last_edited=&#8221;on|phone&#8221; header_text_shadow_style=&#8221;preset1&#8243; header_text_shadow_color=&#8221;rgba(0,0,0,0)&#8221; body_text_shadow_style=&#8221;preset1&#8243; body_text_shadow_color=&#8221;rgba(0,0,0,0)&#8221; global_module=&#8221;93&#8243; saved_tabs=&#8221;all&#8221; global_colors_info=&#8221;{}&#8221; button_text_color__hover_enabled=&#8221;on|hover&#8221; button_text_color__hover=&#8221;#ffffff&#8221; button_bg_color__hover_enabled=&#8221;on|hover&#8221; button_bg_color__hover=&#8221;rgba(0,0,0,0)&#8221; button_bg_enable_color__hover=&#8221;on&#8221; button_border_color__hover_enabled=&#8221;on|hover&#8221; button_border_color__hover=&#8221;#ffffff&#8221; button_letter_spacing__hover_enabled=&#8221;on|desktop&#8221; button_letter_spacing__hover=&#8221;1px&#8221;][et_pb_slide heading=&#8221;FOTOGRAFUJ\u0104C, STARAM SI\u0118 POKAZA\u0106 TO, CZEGO BEZE MNIE NIKT BY NIE ZOBACZY\u0141&#8221; button_text=&#8221;Sprawd\u017a ofert\u0119&#8221; button_link=&#8221;https:\/\/essentialphoto.pl\/index.php\/oferta-fotograficzna\/&#8221; arrows_custom_color_tablet=&#8221;&#8221; arrows_custom_color_phone=&#8221;rgba(0,0,0,0)&#8221; arrows_custom_color_last_edited=&#8221;on|phone&#8221; _builder_version=&#8221;4.18.0&#8243; header_text_align=&#8221;left&#8221; header_font_size=&#8221;45px&#8221; header_line_height=&#8221;1.4em&#8221; background_enable_color=&#8221;off&#8221; background_color_gradient_start=&#8221;rgba(0,0,0,0.46)&#8221; background_color_gradient_end=&#8221;rgba(0,0,0,0.46)&#8221; background_image=&#8221;https:\/\/essentialphoto.pl\/wp-content\/uploads\/2022\/08\/EMI_9142_pp-1-scaled.jpg&#8221; background_enable_image=&#8221;on&#8221; button_alignment=&#8221;left&#8221; width=&#8221;45%&#8221; width_tablet=&#8221;&#8221; width_phone=&#8221;100%&#8221; width_last_edited=&#8221;on|phone&#8221; link_option_url=&#8221;https:\/\/essentialphoto.pl\/index.php\/oferta-fotograficzna\/&#8221; header_font_size_tablet=&#8221;&#8221; header_font_size_phone=&#8221;20px&#8221; header_font_size_last_edited=&#8221;on|phone&#8221; custom_css_slide_container=&#8221;float:left;&#8221; global_colors_info=&#8221;{}&#8221; sticky_transition=&#8221;on&#8221;][\/et_pb_slide][et_pb_slide heading=&#8221;FOTOGRAFUJ\u0104C, STARAM SI\u0118 POKAZA\u0106 TO, CZEGO BEZE MNIE NIKT BY NIE ZOBACZY\u0141&#8221; button_text=&#8221;Sprawd\u017a ofert\u0119&#8221; button_link=&#8221;https:\/\/essentialphoto.pl\/index.php\/oferta-fotograficzna\/&#8221; use_bg_overlay=&#8221;on&#8221; bg_overlay_color=&#8221;rgba(0,0,0,0.2)&#8221; arrows_custom_color_tablet=&#8221;&#8221; arrows_custom_color_phone=&#8221;rgba(0,0,0,0)&#8221; arrows_custom_color_last_edited=&#8221;on|phone&#8221; _builder_version=&#8221;4.18.0&#8243; header_text_align=&#8221;left&#8221; header_font_size=&#8221;45px&#8221; header_line_height=&#8221;1.4em&#8221; background_enable_color=&#8221;off&#8221; background_color_gradient_start=&#8221;rgba(0,0,0,0.39)&#8221; background_color_gradient_end=&#8221;rgba(255,255,255,0)&#8221; background_image=&#8221;https:\/\/essentialphoto.pl\/wp-content\/uploads\/2022\/08\/100-scaled.jpeg&#8221; background_enable_image=&#8221;on&#8221; button_alignment=&#8221;left&#8221; width=&#8221;45%&#8221; width_tablet=&#8221;&#8221; width_phone=&#8221;100%&#8221; width_last_edited=&#8221;on|phone&#8221; link_option_url=&#8221;https:\/\/essentialphoto.pl\/index.php\/oferta-fotograficzna\/&#8221; header_font_size_tablet=&#8221;&#8221; header_font_size_phone=&#8221;20px&#8221; header_font_size_last_edited=&#8221;on|phone&#8221; custom_css_slide_container=&#8221;float:left;&#8221; global_colors_info=&#8221;{}&#8221; sticky_transition=&#8221;on&#8221;][\/et_pb_slide][et_pb_slide heading=&#8221;FOTOGRAFUJ\u0104C, STARAM SI\u0118 POKAZA\u0106 TO, CZEGO BEZE MNIE NIKT BY NIE ZOBACZY\u0141&#8221; button_text=&#8221;Sprawd\u017a ofert\u0119&#8221; button_link=&#8221;https:\/\/essentialphoto.pl\/index.php\/oferta-fotograficzna\/&#8221; use_bg_overlay=&#8221;off&#8221; arrows_custom_color_tablet=&#8221;&#8221; arrows_custom_color_phone=&#8221;rgba(0,0,0,0)&#8221; arrows_custom_color_last_edited=&#8221;on|phone&#8221; _builder_version=&#8221;4.18.0&#8243; header_font_size=&#8221;20px&#8221; header_line_height=&#8221;1.4em&#8221; background_enable_color=&#8221;off&#8221; background_color_gradient_start=&#8221;rgba(0,0,0,0.39)&#8221; background_color_gradient_end=&#8221;rgba(255,255,255,0)&#8221; background_image=&#8221;https:\/\/essentialphoto.pl\/wp-content\/uploads\/2022\/08\/EMI_7188-scaled.jpg&#8221; background_enable_image=&#8221;on&#8221; width=&#8221;45%&#8221; width_tablet=&#8221;&#8221; width_phone=&#8221;100%&#8221; width_last_edited=&#8221;on|phone&#8221; link_option_url=&#8221;https:\/\/essentialphoto.pl\/index.php\/oferta-fotograficzna\/&#8221; header_font_size_tablet=&#8221;&#8221; header_font_size_phone=&#8221;&#8221; header_font_size_last_edited=&#8221;on|desktop&#8221; global_colors_info=&#8221;{}&#8221; sticky_transition=&#8221;on&#8221;][\/et_pb_slide][\/et_pb_fullwidth_slider][\/et_pb_section][et_pb_section fb_built=&#8221;1&#8243; admin_label=&#8221;section&#8221; _builder_version=&#8221;4.16&#8243; background_color=&#8221;#F7F7F7&#8243; custom_margin=&#8221;|20px||20px|false|true&#8221; custom_margin_tablet=&#8221;&#8221; custom_margin_phone=&#8221;|10px||10px|false|true&#8221; custom_margin_last_edited=&#8221;on|phone&#8221; custom_padding=&#8221;24px||30px||false|false&#8221; global_colors_info=&#8221;{}&#8221;][et_pb_row use_custom_gutter=&#8221;on&#8221; gutter_width=&#8221;2&#8243; make_equal=&#8221;on&#8221; admin_label=&#8221;row&#8221; _builder_version=&#8221;4.16&#8243; background_size=&#8221;initial&#8221; background_position=&#8221;top_left&#8221; background_repeat=&#8221;repeat&#8221; width=&#8221;90%&#8221; width_tablet=&#8221;90%&#8221; width_phone=&#8221;90%&#8221; width_last_edited=&#8221;on|tablet&#8221; max_width=&#8221;1300px&#8221; max_width_tablet=&#8221;90%&#8221; max_width_phone=&#8221;90%&#8221; max_width_last_edited=&#8221;on|desktop&#8221; custom_padding=&#8221;||2px|||&#8221; animation_style=&#8221;fade&#8221; animation_delay=&#8221;500ms&#8221; global_colors_info=&#8221;{}&#8221;][et_pb_column type=&#8221;4_4&#8243; _builder_version=&#8221;4.16&#8243; custom_padding=&#8221;|||&#8221; global_colors_info=&#8221;{}&#8221; custom_padding__hover=&#8221;|||&#8221;][et_pb_text _builder_version=&#8221;4.16&#8243; header_3_font=&#8221;Playfair Display||||||||&#8221; header_3_text_align=&#8221;center&#8221; header_3_text_color=&#8221;#303133&#8243; header_3_font_size=&#8221;30px&#8221; header_3_letter_spacing=&#8221;1px&#8221; header_3_font_size_tablet=&#8221;&#8221; header_3_font_size_phone=&#8221;25px&#8221; header_3_font_size_last_edited=&#8221;on|phone&#8221; global_colors_info=&#8221;{}&#8221;]<\/p>\n<h3>O MOICH SESJACH\u00a0<\/h3>\n<p>[\/et_pb_text][et_pb_image src=&#8221;https:\/\/essentialphoto.pl\/wp-content\/uploads\/2022\/07\/photographer-16-2.png&#8221; title_text=&#8221;photographer-16 (2)&#8221; align=&#8221;center&#8221; _builder_version=&#8221;4.16&#8243; custom_margin=&#8221;-5px||||false|false&#8221; custom_margin_tablet=&#8221;-15px||||false|false&#8221; custom_margin_phone=&#8221;-15px||||false|false&#8221; custom_margin_last_edited=&#8221;on|phone&#8221; global_colors_info=&#8221;{}&#8221;][\/et_pb_image][\/et_pb_column][\/et_pb_row][et_pb_row _builder_version=&#8221;4.16&#8243; _module_preset=&#8221;default&#8221; custom_padding=&#8221;0px||0px|||&#8221; global_colors_info=&#8221;{}&#8221;][et_pb_column type=&#8221;4_4&#8243; _builder_version=&#8221;4.16&#8243; _module_preset=&#8221;default&#8221; global_colors_info=&#8221;{}&#8221;][et_pb_text _builder_version=&#8221;4.18.0&#8243; text_font=&#8221;Open Sans||||||||&#8221; text_text_color=&#8221;#000000&#8243; text_font_size=&#8221;15px&#8221; text_line_height=&#8221;1.8em&#8221; text_orientation=&#8221;center&#8221; module_alignment=&#8221;center&#8221; custom_margin=&#8221;0px||14px||false|false&#8221; custom_margin_tablet=&#8221;-10px||||false|false&#8221; custom_margin_phone=&#8221;-10px||||false|false&#8221; custom_margin_last_edited=&#8221;on|phone&#8221; custom_padding=&#8221;10px|10px|10px|10px|true|true&#8221; global_colors_info=&#8221;{}&#8221;]<\/p>\n<p style=\"text-align: justify;\">\n<p style=\"text-align: justify;\">\n<p style=\"text-align: justify;\">\n<p style=\"text-align: justify;\">SESJA ZDJ\u0118CIOWA ZE MN\u0104 TO CA\u0141Y PROCES:<\/p>\n<p style=\"text-align: justify;\">1. Um\u00f3wienie terminu spotkania i ustalenie wszystkich szczeg\u00f3\u0142\u00f3w. Klient jest zawsze dok\u0142adnie poinformowany jak dana sesja b\u0119dzie wygl\u0105da\u0142a, jaki b\u0119dzie jej czas, rozmawiamy o kolorystyce w jakiej czuje si\u0119 dobrze i dobieramy odpowiednie stylizacje do danej sesji. Na tym etapie rozmawiamy, poznajemy si\u0119 i wsp\u00f3lnie przygotowujemy do spotkania.<\/p>\n<p style=\"text-align: justify;\">2. Sesja zdj\u0119ciowa.<\/p>\n<p style=\"text-align: justify;\">3. Wys\u0142anie klientowi galerii zdj\u0119\u0107 do wyboru z ca\u0142ej sesji &#8211; w czasie nie d\u0142u\u017cszym ni\u017c 2 dni po sesji.<\/p>\n<p style=\"text-align: justify;\">4. Wybranie zdj\u0119\u0107 przez klienta.<\/p>\n<p style=\"text-align: justify;\">5. Wielogodzinna profesjonalna edycja\/obr\u00f3bka wybranych zdj\u0119\u0107.<\/p>\n<p style=\"text-align: justify;\">6. Projektowanie i zam\u00f3wienie wydruk\u00f3w i opakowa\u0144.<\/p>\n<p style=\"text-align: justify;\">7. Przekazanie zdj\u0119\u0107 klientowi &#8211; oko\u0142o 3\/4 tygodnie po wybraniu zdj\u0119\u0107 przez klienta z galerii wyboru.<\/p>\n<p style=\"text-align: justify;\">W JAKIEJ FORMIE KLIENT OTRZYMUJE ODE MNIE ZDJ\u0118CIA?<\/p>\n<p style=\"text-align: justify;\">M\u00f3j klient NIGDY nie otrzymuje ode mnie tylko wersji elektronicznej zdj\u0119\u0107. Opr\u00f3cz zdj\u0119\u0107 wgranych na pendrive lub wys\u0142anych transferem na podany adres e-mail, klient ZAWSZE otrzymuje ode mnie przepi\u0119kne, profesjonalne wydruki na najwy\u017cszej jako\u015bci satynowym papierze. W cenie, kt\u00f3ra jest podana w opisie ka\u017cdej z sesji klient otrzymuje PAKIET PREMIUM, na kt\u00f3ry sk\u0142ada si\u0119:<\/p>\n<p style=\"text-align: justify;\">&#8211; ALBUM PRESTIGE o wym. 25x25cm w cudownej, welurowej oprawie<\/p>\n<p style=\"text-align: justify;\">&#8211; Wydruki zdj\u0119\u0107 na satynowym papierze w formacie 15x23cm<\/p>\n<p style=\"text-align: justify;\">&#8211; Urocz\u0105 mini harmonijk\u0119 do postawienia na biurku czy komodzie 7x7cm<\/p>\n<p style=\"text-align: justify;\">&#8211; Pendrive z wgranymi zdj\u0119ciami w aksamitnej oprawie do kompletu z albumem\u00a0<\/p>\n<p style=\"text-align: justify;\">\n<p style=\"text-align: justify;\">\n<p>[\/et_pb_text][et_pb_gallery _builder_version=&#8221;4.19.0&#8243; _module_preset=&#8221;default&#8221; gallery_ids=&#8221;717,720,719,716&#8243; hover_enabled=&#8221;0&#8243; sticky_enabled=&#8221;0&#8243; show_title_and_caption=&#8221;off&#8221;][\/et_pb_gallery][\/et_pb_column][\/et_pb_row][\/et_pb_section][et_pb_section fb_built=&#8221;1&#8243; admin_label=&#8221;section&#8221; _builder_version=&#8221;4.14.7&#8243; background_color=&#8221;#1B1D1F&#8221; custom_margin=&#8221;|20px|0px|20px|false|true&#8221; custom_margin_tablet=&#8221;&#8221; custom_margin_phone=&#8221;|10px|10px|10px|false|true&#8221; custom_margin_last_edited=&#8221;on|phone&#8221; custom_padding=&#8221;1px||0px||false|false&#8221; global_module=&#8221;76&#8243; saved_tabs=&#8221;all&#8221; global_colors_info=&#8221;{}&#8221;][\/et_pb_section]<\/p>\n","protected":false},"excerpt":{"rendered":"<p>O MOICH SESJACH\u00a0 SESJA ZDJ\u0118CIOWA ZE MN\u0104 TO CA\u0141Y PROCES: 1. Um\u00f3wienie terminu spotkania i ustalenie wszystkich szczeg\u00f3\u0142\u00f3w. Klient jest zawsze dok\u0142adnie poinformowany jak dana sesja b\u0119dzie wygl\u0105da\u0142a, jaki b\u0119dzie jej czas, rozmawiamy o kolorystyce w jakiej czuje si\u0119 dobrze i dobieramy odpowiednie stylizacje do danej sesji. Na tym etapie rozmawiamy, poznajemy si\u0119 i wsp\u00f3lnie [&hellip;]<\/p>\n","protected":false},"author":1,"featured_media":0,"parent":0,"menu_order":0,"comment_status":"closed","ping_status":"closed","template":"","meta":{"_et_pb_use_builder":"on","_et_pb_old_content":"","_et_gb_content_width":"","footnotes":""},"class_list":["post-108","page","type-page","status-publish","hentry"],"_links":{"self":[{"href":"https:\/\/essentialphoto.pl\/index.php\/wp-json\/wp\/v2\/pages\/108","targetHints":{"allow":["GET"]}}],"collection":[{"href":"https:\/\/essentialphoto.pl\/index.php\/wp-json\/wp\/v2\/pages"}],"about":[{"href":"https:\/\/essentialphoto.pl\/index.php\/wp-json\/wp\/v2\/types\/page"}],"author":[{"embeddable":true,"href":"https:\/\/essentialphoto.pl\/index.php\/wp-json\/wp\/v2\/users\/1"}],"replies":[{"embeddable":true,"href":"https:\/\/essentialphoto.pl\/index.php\/wp-json\/wp\/v2\/comments?post=108"}],"version-history":[{"count":18,"href":"https:\/\/essentialphoto.pl\/index.php\/wp-json\/wp\/v2\/pages\/108\/revisions"}],"predecessor-version":[{"id":747,"href":"https:\/\/essentialphoto.pl\/index.php\/wp-json\/wp\/v2\/pages\/108\/revisions\/747"}],"wp:attachment":[{"href":"https:\/\/essentialphoto.pl\/index.php\/wp-json\/wp\/v2\/media?parent=108"}],"curies":[{"name":"wp","href":"https:\/\/api.w.org\/{rel}","templated":true}]}}