{"id":105,"date":"2022-08-03T14:48:00","date_gmt":"2022-08-03T12:48:00","guid":{"rendered":"https:\/\/essentialphoto.dfirma.pl\/index.php\/portret-dzieciecy-0-18l\/"},"modified":"2025-12-19T11:16:36","modified_gmt":"2025-12-19T10:16:36","slug":"portret-dzieciecy-0-18l","status":"publish","type":"page","link":"https:\/\/essentialphoto.pl\/index.php\/portret-dzieciecy-0-18l\/","title":{"rendered":"PORTRET DZIECI\u0118CY (0-18l)"},"content":{"rendered":"<p>[et_pb_section fb_built=&#8221;1&#8243; fullwidth=&#8221;on&#8221; _builder_version=&#8221;4.16&#8243; saved_tabs=&#8221;all&#8221; global_colors_info=&#8221;{}&#8221;][et_pb_fullwidth_slider arrows_custom_color=&#8221;#ffffff&#8221; dot_nav_custom_color=&#8221;#ffffff&#8221; arrows_custom_color_tablet=&#8221;&#8221; arrows_custom_color_phone=&#8221;rgba(0,0,0,0)&#8221; arrows_custom_color_last_edited=&#8221;on|phone&#8221; _builder_version=&#8221;4.18.0&#8243; header_font=&#8221;Playfair Display||||||||&#8221; header_text_align=&#8221;center&#8221; header_text_color=&#8221;#ffffff&#8221; header_font_size=&#8221;75px&#8221; body_font=&#8221;Playfair Display||||||||&#8221; body_text_align=&#8221;center&#8221; body_text_color=&#8221;#ffffff&#8221; body_font_size=&#8221;20px&#8221; body_line_height=&#8221;3.8em&#8221; background_color=&#8221;rgba(0,0,0,0)&#8221; custom_button=&#8221;on&#8221; button_text_size=&#8221;12px&#8221; button_text_color=&#8221;#000000&#8243; button_bg_color=&#8221;#ffffff&#8221; button_border_width=&#8221;1px&#8221; button_border_color=&#8221;#ffffff&#8221; button_border_radius=&#8221;2px&#8221; button_letter_spacing=&#8221;1px&#8221; button_font=&#8221;Poppins|600||on|||||&#8221; button_use_icon=&#8221;off&#8221; button_custom_margin=&#8221;||||false&#8221; button_custom_padding=&#8221;13px|35px|13px|35px|true|true&#8221; content_width=&#8221;90%&#8221; content_width_tablet=&#8221;90%&#8221; content_width_phone=&#8221;90%&#8221; content_width_last_edited=&#8221;on|tablet&#8221; content_max_width=&#8221;1300px&#8221; content_max_width_tablet=&#8221;90%&#8221; content_max_width_phone=&#8221;100%&#8221; content_max_width_last_edited=&#8221;on|desktop&#8221; custom_margin=&#8221;20px|20px||20px|false|true&#8221; custom_margin_tablet=&#8221;&#8221; custom_margin_phone=&#8221;10px|10px||10px|false|true&#8221; custom_margin_last_edited=&#8221;on|phone&#8221; custom_padding=&#8221;16vh|0px|8vh|0px|false|true&#8221; custom_padding_tablet=&#8221;28vh||28vh||true|true&#8221; custom_padding_phone=&#8221;7vh||7vh||true|true&#8221; custom_padding_last_edited=&#8221;on|phone&#8221; animation_style=&#8221;fade&#8221; animation_duration=&#8221;1500ms&#8221; auto=&#8221;on&#8221; auto_speed=&#8221;3000&#8243; header_font_size_tablet=&#8221;50px&#8221; header_font_size_phone=&#8221;35px&#8221; header_font_size_last_edited=&#8221;on|phone&#8221; body_line_height_tablet=&#8221;1.8em&#8221; body_line_height_phone=&#8221;1.8em&#8221; body_line_height_last_edited=&#8221;on|phone&#8221; header_text_shadow_style=&#8221;preset1&#8243; header_text_shadow_color=&#8221;rgba(0,0,0,0)&#8221; body_text_shadow_style=&#8221;preset1&#8243; body_text_shadow_color=&#8221;rgba(0,0,0,0)&#8221; global_module=&#8221;93&#8243; saved_tabs=&#8221;all&#8221; global_colors_info=&#8221;{}&#8221; button_text_color__hover_enabled=&#8221;on|hover&#8221; button_text_color__hover=&#8221;#ffffff&#8221; button_bg_color__hover_enabled=&#8221;on|hover&#8221; button_bg_color__hover=&#8221;rgba(0,0,0,0)&#8221; button_bg_enable_color__hover=&#8221;on&#8221; button_border_color__hover_enabled=&#8221;on|hover&#8221; button_border_color__hover=&#8221;#ffffff&#8221; button_letter_spacing__hover_enabled=&#8221;on|desktop&#8221; button_letter_spacing__hover=&#8221;1px&#8221;][et_pb_slide heading=&#8221;FOTOGRAFUJ\u0104C, STARAM SI\u0118 POKAZA\u0106 TO, CZEGO BEZE MNIE NIKT BY NIE ZOBACZY\u0141&#8221; button_text=&#8221;Sprawd\u017a ofert\u0119&#8221; button_link=&#8221;https:\/\/essentialphoto.pl\/index.php\/oferta-fotograficzna\/&#8221; arrows_custom_color_tablet=&#8221;&#8221; arrows_custom_color_phone=&#8221;rgba(0,0,0,0)&#8221; arrows_custom_color_last_edited=&#8221;on|phone&#8221; _builder_version=&#8221;4.18.0&#8243; header_text_align=&#8221;left&#8221; header_font_size=&#8221;45px&#8221; header_line_height=&#8221;1.4em&#8221; background_enable_color=&#8221;off&#8221; background_color_gradient_start=&#8221;rgba(0,0,0,0.46)&#8221; background_color_gradient_end=&#8221;rgba(0,0,0,0.46)&#8221; background_image=&#8221;https:\/\/essentialphoto.pl\/wp-content\/uploads\/2022\/08\/EMI_9142_pp-1-scaled.jpg&#8221; background_enable_image=&#8221;on&#8221; button_alignment=&#8221;left&#8221; width=&#8221;45%&#8221; width_tablet=&#8221;&#8221; width_phone=&#8221;100%&#8221; width_last_edited=&#8221;on|phone&#8221; link_option_url=&#8221;https:\/\/essentialphoto.pl\/index.php\/oferta-fotograficzna\/&#8221; header_font_size_tablet=&#8221;&#8221; header_font_size_phone=&#8221;20px&#8221; header_font_size_last_edited=&#8221;on|phone&#8221; custom_css_slide_container=&#8221;float:left;&#8221; global_colors_info=&#8221;{}&#8221; sticky_transition=&#8221;on&#8221;][\/et_pb_slide][et_pb_slide heading=&#8221;FOTOGRAFUJ\u0104C, STARAM SI\u0118 POKAZA\u0106 TO, CZEGO BEZE MNIE NIKT BY NIE ZOBACZY\u0141&#8221; button_text=&#8221;Sprawd\u017a ofert\u0119&#8221; button_link=&#8221;https:\/\/essentialphoto.pl\/index.php\/oferta-fotograficzna\/&#8221; use_bg_overlay=&#8221;on&#8221; bg_overlay_color=&#8221;rgba(0,0,0,0.2)&#8221; arrows_custom_color_tablet=&#8221;&#8221; arrows_custom_color_phone=&#8221;rgba(0,0,0,0)&#8221; arrows_custom_color_last_edited=&#8221;on|phone&#8221; _builder_version=&#8221;4.18.0&#8243; header_text_align=&#8221;left&#8221; header_font_size=&#8221;45px&#8221; header_line_height=&#8221;1.4em&#8221; background_enable_color=&#8221;off&#8221; background_color_gradient_start=&#8221;rgba(0,0,0,0.39)&#8221; background_color_gradient_end=&#8221;rgba(255,255,255,0)&#8221; background_image=&#8221;https:\/\/essentialphoto.pl\/wp-content\/uploads\/2022\/08\/100-scaled.jpeg&#8221; background_enable_image=&#8221;on&#8221; button_alignment=&#8221;left&#8221; width=&#8221;45%&#8221; width_tablet=&#8221;&#8221; width_phone=&#8221;100%&#8221; width_last_edited=&#8221;on|phone&#8221; link_option_url=&#8221;https:\/\/essentialphoto.pl\/index.php\/oferta-fotograficzna\/&#8221; header_font_size_tablet=&#8221;&#8221; header_font_size_phone=&#8221;20px&#8221; header_font_size_last_edited=&#8221;on|phone&#8221; custom_css_slide_container=&#8221;float:left;&#8221; global_colors_info=&#8221;{}&#8221; sticky_transition=&#8221;on&#8221;][\/et_pb_slide][et_pb_slide heading=&#8221;FOTOGRAFUJ\u0104C, STARAM SI\u0118 POKAZA\u0106 TO, CZEGO BEZE MNIE NIKT BY NIE ZOBACZY\u0141&#8221; button_text=&#8221;Sprawd\u017a ofert\u0119&#8221; button_link=&#8221;https:\/\/essentialphoto.pl\/index.php\/oferta-fotograficzna\/&#8221; use_bg_overlay=&#8221;off&#8221; arrows_custom_color_tablet=&#8221;&#8221; arrows_custom_color_phone=&#8221;rgba(0,0,0,0)&#8221; arrows_custom_color_last_edited=&#8221;on|phone&#8221; _builder_version=&#8221;4.18.0&#8243; header_font_size=&#8221;20px&#8221; header_line_height=&#8221;1.4em&#8221; background_enable_color=&#8221;off&#8221; background_color_gradient_start=&#8221;rgba(0,0,0,0.39)&#8221; background_color_gradient_end=&#8221;rgba(255,255,255,0)&#8221; background_image=&#8221;https:\/\/essentialphoto.pl\/wp-content\/uploads\/2022\/08\/EMI_7188-scaled.jpg&#8221; background_enable_image=&#8221;on&#8221; width=&#8221;45%&#8221; width_tablet=&#8221;&#8221; width_phone=&#8221;100%&#8221; width_last_edited=&#8221;on|phone&#8221; link_option_url=&#8221;https:\/\/essentialphoto.pl\/index.php\/oferta-fotograficzna\/&#8221; header_font_size_tablet=&#8221;&#8221; header_font_size_phone=&#8221;&#8221; header_font_size_last_edited=&#8221;on|desktop&#8221; global_colors_info=&#8221;{}&#8221; sticky_transition=&#8221;on&#8221;][\/et_pb_slide][\/et_pb_fullwidth_slider][\/et_pb_section][et_pb_section fb_built=&#8221;1&#8243; admin_label=&#8221;section&#8221; _builder_version=&#8221;4.16&#8243; background_color=&#8221;#F7F7F7&#8243; custom_margin=&#8221;|20px||20px|false|true&#8221; custom_margin_tablet=&#8221;&#8221; custom_margin_phone=&#8221;|10px||10px|false|true&#8221; custom_margin_last_edited=&#8221;on|phone&#8221; custom_padding=&#8221;24px||30px||false|false&#8221; global_colors_info=&#8221;{}&#8221;][et_pb_row use_custom_gutter=&#8221;on&#8221; gutter_width=&#8221;2&#8243; make_equal=&#8221;on&#8221; admin_label=&#8221;row&#8221; _builder_version=&#8221;4.16&#8243; background_size=&#8221;initial&#8221; background_position=&#8221;top_left&#8221; background_repeat=&#8221;repeat&#8221; width=&#8221;90%&#8221; width_tablet=&#8221;90%&#8221; width_phone=&#8221;90%&#8221; width_last_edited=&#8221;on|tablet&#8221; max_width=&#8221;1300px&#8221; max_width_tablet=&#8221;90%&#8221; max_width_phone=&#8221;90%&#8221; max_width_last_edited=&#8221;on|desktop&#8221; custom_padding=&#8221;||2px|||&#8221; animation_style=&#8221;fade&#8221; animation_delay=&#8221;500ms&#8221; global_colors_info=&#8221;{}&#8221;][et_pb_column type=&#8221;4_4&#8243; _builder_version=&#8221;4.16&#8243; custom_padding=&#8221;|||&#8221; global_colors_info=&#8221;{}&#8221; custom_padding__hover=&#8221;|||&#8221;][et_pb_text _builder_version=&#8221;4.16&#8243; header_3_font=&#8221;Playfair Display||||||||&#8221; header_3_text_align=&#8221;center&#8221; header_3_text_color=&#8221;#303133&#8243; header_3_font_size=&#8221;30px&#8221; header_3_letter_spacing=&#8221;1px&#8221; header_3_font_size_tablet=&#8221;&#8221; header_3_font_size_phone=&#8221;25px&#8221; header_3_font_size_last_edited=&#8221;on|phone&#8221; global_colors_info=&#8221;{}&#8221;]<\/p>\n<h3>PORTRET DZIECI\u0118CY (od 0 do 18 roku \u017cycia)<\/h3>\n<p>[\/et_pb_text][et_pb_image src=&#8221;https:\/\/essentialphoto.pl\/wp-content\/uploads\/2022\/07\/photographer-16-2.png&#8221; title_text=&#8221;photographer-16 (2)&#8221; align=&#8221;center&#8221; _builder_version=&#8221;4.16&#8243; custom_margin=&#8221;-5px||||false|false&#8221; custom_margin_tablet=&#8221;-15px||||false|false&#8221; custom_margin_phone=&#8221;-15px||||false|false&#8221; custom_margin_last_edited=&#8221;on|phone&#8221; global_colors_info=&#8221;{}&#8221;][\/et_pb_image][\/et_pb_column][\/et_pb_row][et_pb_row _builder_version=&#8221;4.16&#8243; _module_preset=&#8221;default&#8221; custom_padding=&#8221;0px||0px|||&#8221; global_colors_info=&#8221;{}&#8221;][et_pb_column type=&#8221;4_4&#8243; _builder_version=&#8221;4.16&#8243; _module_preset=&#8221;default&#8221; global_colors_info=&#8221;{}&#8221;][et_pb_text _builder_version=&#8221;4.16&#8243; text_font=&#8221;Open Sans||||||||&#8221; text_text_color=&#8221;#000000&#8243; text_font_size=&#8221;15px&#8221; text_line_height=&#8221;1.8em&#8221; text_orientation=&#8221;center&#8221; module_alignment=&#8221;center&#8221; custom_margin=&#8221;0px||14px||false|false&#8221; custom_margin_tablet=&#8221;-10px||||false|false&#8221; custom_margin_phone=&#8221;-10px||||false|false&#8221; custom_margin_last_edited=&#8221;on|phone&#8221; custom_padding=&#8221;10px|10px|10px|10px|true|true&#8221; global_colors_info=&#8221;{}&#8221;]<\/p>\n<p style=\"text-align: justify;\">MIEJSCE: Wasz dom lub ukochane miejsce \/ studio \/ plener.<br \/>Sesje dzieci\u0119ce to szeroki wachlarz mo\u017cliwo\u015bci. W celu ustalenia szczeg\u00f3\u0142\u00f3w ww. sesji zapraszam do kontaktu.<\/p>\n<p>[\/et_pb_text][et_pb_text _builder_version=&#8221;4.16&#8243; text_font=&#8221;Open Sans||||||||&#8221; text_text_color=&#8221;#000000&#8243; text_font_size=&#8221;15px&#8221; text_line_height=&#8221;1.8em&#8221; text_orientation=&#8221;center&#8221; module_alignment=&#8221;center&#8221; custom_margin=&#8221;0px||30px||false|false&#8221; custom_margin_tablet=&#8221;-10px||||false|false&#8221; custom_margin_phone=&#8221;-10px||||false|false&#8221; custom_margin_last_edited=&#8221;on|phone&#8221; custom_padding=&#8221;10px|10px|10px|10px|true|true&#8221; box_shadow_style=&#8221;preset2&#8243; global_colors_info=&#8221;{}&#8221;]<\/p>\n<p style=\"text-align: justify;\">\n<p style=\"text-align: justify;\"><strong>PAKIET PODSTAWOWY CENA DOTYCZY MIEJSC: WASZ DOM\/PLENER: 1400z\u0142\/20szt. <\/strong><\/p>\n<p style=\"text-align: justify;\"><strong>PAKIET PODSTAWOWY CENA DOTYCZY MIEJSCA: STUDIO: 1600z\u0142\/20szt.<\/strong><\/p>\n<p style=\"text-align: justify;\"><strong>W TEJ CENIE MASZ: PRZEPI\u0118KNIE WYDRUKOWANE ZDJ\u0118CIA NA SATYNOWYM PAPIERZE W FORMACIE 15x23cm + WELUROWE, ELEGANCKIE PUDE\u0141KO.<\/strong><\/p>\n<p style=\"text-align: justify;\"><strong>ISTNIEJE MO\u017bLIWO\u015a\u0106 DOKUPIENIA PI\u0118KNEGO ALBUMU 25x25cm W AKSAMITNEJ OPRAWIE Z PENDRIVEM ZE ZDJECIAMI Z SESJI ORAZ UROCZ\u0104 HARMONIJK\u0104 (HARMONIJKA TO MINI KSI\u0104\u017bECZKA DO POSTAWIENIA NP. NA BIURKU CZY KOMODZIE) W CENIE: 4000z\u0142\u00a0<\/strong><\/p>\n<p style=\"text-align: justify;\"><strong>Cena za ka\u017cde dodatkowe zdj\u0119cie: 50z\u0142\/szt.<\/strong><\/p>\n<p><strong> <\/strong><\/p>\n<p><strong><\/strong><\/p>\n<p style=\"text-align: justify;\"><strong><\/strong><\/p>\n<p style=\"text-align: justify;\"><strong><\/strong><\/p>\n<p style=\"text-align: justify;\"><strong><\/strong><\/p>\n<p style=\"text-align: justify;\"><strong><\/strong><\/p>\n<p style=\"text-align: justify;\"><strong><\/strong><\/p>\n<p style=\"text-align: justify;\"><strong><\/strong><\/p>\n<p>[\/et_pb_text][et_pb_text _builder_version=&#8221;4.14.7&#8243; text_font=&#8221;Open Sans||||||||&#8221; text_text_color=&#8221;#000000&#8243; text_font_size=&#8221;15px&#8221; text_line_height=&#8221;1.8em&#8221; text_orientation=&#8221;center&#8221; module_alignment=&#8221;center&#8221; custom_margin=&#8221;0px||14px||false|false&#8221; custom_margin_tablet=&#8221;-10px||||false|false&#8221; custom_margin_phone=&#8221;-10px||||false|false&#8221; custom_margin_last_edited=&#8221;on|phone&#8221; custom_padding=&#8221;10px|10px|140px|10px|false|true&#8221; global_module=&#8221;167&#8243; global_colors_info=&#8221;{}&#8221;][\/et_pb_text][\/et_pb_column][\/et_pb_row][\/et_pb_section][et_pb_section fb_built=&#8221;1&#8243; admin_label=&#8221;section&#8221; _builder_version=&#8221;4.14.7&#8243; background_color=&#8221;#1B1D1F&#8221; custom_margin=&#8221;|20px|0px|20px|false|true&#8221; custom_margin_tablet=&#8221;&#8221; custom_margin_phone=&#8221;|10px|10px|10px|false|true&#8221; custom_margin_last_edited=&#8221;on|phone&#8221; custom_padding=&#8221;1px||0px||false|false&#8221; global_module=&#8221;76&#8243; saved_tabs=&#8221;all&#8221; global_colors_info=&#8221;{}&#8221;][\/et_pb_section]<\/p>\n","protected":false},"excerpt":{"rendered":"<p>PORTRET DZIECI\u0118CY (od 0 do 18 roku \u017cycia)MIEJSCE: Wasz dom lub ukochane miejsce \/ studio \/ plener.Sesje dzieci\u0119ce to szeroki wachlarz mo\u017cliwo\u015bci. W celu ustalenia szczeg\u00f3\u0142\u00f3w ww. sesji zapraszam do kontaktu. PAKIET PODSTAWOWY CENA DOTYCZY MIEJSC: WASZ DOM\/PLENER: 1400z\u0142\/20szt. PAKIET PODSTAWOWY CENA DOTYCZY MIEJSCA: STUDIO: 1600z\u0142\/20szt. W TEJ CENIE MASZ: PRZEPI\u0118KNIE WYDRUKOWANE ZDJ\u0118CIA NA SATYNOWYM [&hellip;]<\/p>\n","protected":false},"author":1,"featured_media":0,"parent":0,"menu_order":0,"comment_status":"closed","ping_status":"closed","template":"","meta":{"_et_pb_use_builder":"on","_et_pb_old_content":"","_et_gb_content_width":"","footnotes":""},"class_list":["post-105","page","type-page","status-publish","hentry"],"_links":{"self":[{"href":"https:\/\/essentialphoto.pl\/index.php\/wp-json\/wp\/v2\/pages\/105","targetHints":{"allow":["GET"]}}],"collection":[{"href":"https:\/\/essentialphoto.pl\/index.php\/wp-json\/wp\/v2\/pages"}],"about":[{"href":"https:\/\/essentialphoto.pl\/index.php\/wp-json\/wp\/v2\/types\/page"}],"author":[{"embeddable":true,"href":"https:\/\/essentialphoto.pl\/index.php\/wp-json\/wp\/v2\/users\/1"}],"replies":[{"embeddable":true,"href":"https:\/\/essentialphoto.pl\/index.php\/wp-json\/wp\/v2\/comments?post=105"}],"version-history":[{"count":11,"href":"https:\/\/essentialphoto.pl\/index.php\/wp-json\/wp\/v2\/pages\/105\/revisions"}],"predecessor-version":[{"id":842,"href":"https:\/\/essentialphoto.pl\/index.php\/wp-json\/wp\/v2\/pages\/105\/revisions\/842"}],"wp:attachment":[{"href":"https:\/\/essentialphoto.pl\/index.php\/wp-json\/wp\/v2\/media?parent=105"}],"curies":[{"name":"wp","href":"https:\/\/api.w.org\/{rel}","templated":true}]}}